{"id":2002,"date":"2022-07-12T07:09:46","date_gmt":"2022-07-12T07:09:46","guid":{"rendered":"https:\/\/staging.ski-bike-appartements.at\/?page_id=2002"},"modified":"2025-11-10T13:42:10","modified_gmt":"2025-11-10T13:42:10","slug":"impressum","status":"publish","type":"page","link":"https:\/\/www.ski-bike-appartements.at\/en\/impressum\/","title":{"rendered":"Impressum"},"content":{"rendered":"\n<h1 class=\"wp-block-heading has-text-align-left\">Impressum<\/h1>\n\n\n\n<p>Angaben gem\u00e4\u00df Informationspflicht laut \u00a75 E-Commerce Gesetz, \u00a714 Unternehmensgesetzbuch, \u00a763 Gewerbeordnung und Offenlegungspflicht laut \u00a725 Mediengesetz.<\/p>\n\n\n\n<p>Wolfgang Schilchegger<br>Zauchenseestra\u00dfe 90<br>5541 Altenmarkt<br>\u00d6sterreich<\/p>\n\n\n\n<p><strong>Unternehmensgegenstand:<\/strong> Appartement-Vermietung<\/p>\n\n\n\n<p><strong>Tel.:<\/strong> +43 664 4642933<br><strong>E-Mail:<\/strong> <a href=\"mailto:info@ski-bike-appartements.at\">info@ski-bike-appartements.at<\/a><\/p>\n\n\n\n<p><strong>Mitglied bei:<\/strong> WKO, Landesinnung, etc.<br><strong>Berufsrecht:<\/strong> Gewerbeordnung: www.ris.bka.gv.at<\/p>\n\n\n\n<p><strong>Aufsichtsbeh\u00f6rde\/Gewerbebeh\u00f6rde:<\/strong> Bezirkshauptmannschaft St. Johann im Pongau<br><strong>Berufsbezeichnung:<\/strong> Vermieter (Ferienwohnung)<br><strong>Verleihungsstaat:<\/strong> \u00d6sterreich<\/p>\n\n\n\n<p><strong>Kontaktdaten des Verantwortlichen f\u00fcr Datenschutz<\/strong><br>Sollten Sie Fragen zum Datenschutz haben, finden Sie nachfolgend die Kontaktdaten der verantwortlichen Person bzw. Stelle:<br>Wolfgang Schilchegger<br>Zauchenseestra\u00dfe 90, 5541 Altenmarkt, \u00d6sterreich<br>E-Mail-Adresse: <a href=\"mailto:info@ski-bike-appartements.at\">info@ski-bike-appartements.at<\/a><br>Telefon: +43 664 4642933<br>Impressum: <a href=\"https:\/\/www.ski-bike-appartements.at\/en\/impressum\/\">www.ski-bike-appartements.at\/impressum\/<\/a><\/p>\n\n\n\n<h2 class=\"wp-block-heading\" id=\"h-copyright-haftung\">Copyright \/ Haftung<\/h2>\n\n\n\n<p>Im Hinblick auf die technischen Eigenschaften des Internets kann keine Gew\u00e4hr f\u00fcr die Authentizit\u00e4t, Richtigkeit und Vollst\u00e4ndigkeit der im Internet zur Verf\u00fcgung gestellten Informationen \u00fcbernommen werden. Es wird auch keine Gew\u00e4hr f\u00fcr die Verf\u00fcgbarkeit oder den Betrieb der gegenst\u00e4ndlichen Homepage und ihrer Inhalte \u00fcbernommen.<\/p>\n\n\n\n<p>Jede Haftung f\u00fcr unmittelbare, mittelbare oder sonstige Sch\u00e4den, unabh\u00e4ngig von deren Ursachen, die aus der Benutzung oder Nichtverf\u00fcgbarkeit der Daten und Informationen dieser Homepage erwachsen, wird, soweit rechtlich zul\u00e4ssig, ausgeschlossen.<\/p>\n\n\n\n<h2 class=\"wp-block-heading\" id=\"h-konzeption-design-programmierung\">Konzeption, Design, Programmierung<\/h2>\n\n\n\n<p><strong>Doppelpack Werbeagentur&nbsp;OG<\/strong><br>Stadtplatz 1<br>A-5550 Radstadt<br>Tel.:&nbsp;<a href=\"tel:0043645220220\">+43 (0)6452 20220<\/a><br><a href=\"mailto:office@doppelpack.com\">office@doppelpack.com<\/a><br><a href=\"https:\/\/www.doppelpack.com\/\" target=\"_blank\" rel=\"noopener\">www.doppelpack.com<\/a><\/p>\n\n\n\n<h2 class=\"wp-block-heading\" id=\"h-urheberrechte\">Urheberrechte<\/h2>\n\n\n\n<p>Der Inhalt dieser Website ist urheberrechtlich gesch\u00fctzt. Die Bereitstellung von Inhalten und Bildmaterial dieser Website auf anderen Websites ist nur mit ausdr\u00fccklicher Genehmigung der Redaktion gestattet. Die auf dieser Website enthaltenen Angaben werden nach bestem Wissen erstellt und mit gro\u00dfer Sorgfalt auf ihre Richtigkeit \u00fcberpr\u00fcft. Trotzdem sind inhaltliche und sachliche Fehler nicht vollst\u00e4ndig auszuschlie\u00dfen.<\/p>\n\n\n\n<p>Die Doppelpack Werbeagentur \u00fcbernimmt keinerlei Garantie und Haftung f\u00fcr die Richtigkeit, Aktualit\u00e4t und Vollst\u00e4ndigkeit der bereitgestellten Informationen. Alle Angaben sind ohne Gew\u00e4hr. Dies gilt auch f\u00fcr alle Links zu anderen URLs, die auf unserer Website genannt werden.<\/p>\n\n\n\n<h2 class=\"wp-block-heading\" id=\"h-urheberrechte\"><strong>Bildnachweis<\/strong><\/h2>\n\n\n\n<p>Ski &amp; Bike Appartements<br>Tourismusverband Altenmarkt im Pongau<br>Tourismusverband Flachau<br>Tourismusverband St. Johann im Pongau<br>Tourismusverband Schladming-Dachstein<br>Tourismusverband Obertauern<br>Salzburger Land Tourismus Gesellschaft m.b.H.<br>Shutterstock<br>AIR-Media Karl Strauch<\/p>\n","protected":false},"excerpt":{"rendered":"<p>Impressum Angaben gem\u00e4\u00df Informationspflicht laut \u00a75 E-Commerce Gesetz, \u00a714 Unternehmensgesetzbuch, \u00a763 Gewerbeordnung und Offenlegungspflicht laut \u00a725 Mediengesetz. Wolfgang SchilcheggerZauchenseestra\u00dfe 905541 Altenmarkt\u00d6sterreich Unternehmensgegenstand: Appartement-Vermietung Tel.: +43 664 4642933E-Mail: info@ski-bike-appartements.at Mitglied bei: [&hellip;]<\/p>\n","protected":false},"author":2,"featured_media":1451,"parent":0,"menu_order":101,"comment_status":"closed","ping_status":"closed","template":"","meta":{"_acf_changed":false,"footnotes":""},"class_list":["post-2002","page","type-page","status-publish","has-post-thumbnail","hentry"],"acf":[],"_links":{"self":[{"href":"https:\/\/www.ski-bike-appartements.at\/en\/wp-json\/wp\/v2\/pages\/2002","targetHints":{"allow":["GET"]}}],"collection":[{"href":"https:\/\/www.ski-bike-appartements.at\/en\/wp-json\/wp\/v2\/pages"}],"about":[{"href":"https:\/\/www.ski-bike-appartements.at\/en\/wp-json\/wp\/v2\/types\/page"}],"author":[{"embeddable":true,"href":"https:\/\/www.ski-bike-appartements.at\/en\/wp-json\/wp\/v2\/users\/2"}],"replies":[{"embeddable":true,"href":"https:\/\/www.ski-bike-appartements.at\/en\/wp-json\/wp\/v2\/comments?post=2002"}],"version-history":[{"count":2,"href":"https:\/\/www.ski-bike-appartements.at\/en\/wp-json\/wp\/v2\/pages\/2002\/revisions"}],"predecessor-version":[{"id":3520,"href":"https:\/\/www.ski-bike-appartements.at\/en\/wp-json\/wp\/v2\/pages\/2002\/revisions\/3520"}],"wp:featuredmedia":[{"embeddable":true,"href":"https:\/\/www.ski-bike-appartements.at\/en\/wp-json\/wp\/v2\/media\/1451"}],"wp:attachment":[{"href":"https:\/\/www.ski-bike-appartements.at\/en\/wp-json\/wp\/v2\/media?parent=2002"}],"curies":[{"name":"wp","href":"https:\/\/api.w.org\/{rel}","templated":true}]}}